{"id":4493,"date":"2015-12-02T15:24:15","date_gmt":"2015-12-02T14:24:15","guid":{"rendered":"https:\/\/www.aloe-vera-cosmetic.de\/produkt\/cleansing-lotion-125ml\/"},"modified":"2024-11-28T23:01:51","modified_gmt":"2024-11-28T22:01:51","slug":"cleansing-lotion-125ml","status":"publish","type":"product","link":"https:\/\/www.aloe-vera-cosmetic.de\/en\/produkt\/cleansing-lotion-125ml\/","title":{"rendered":"The Soft | Cleansing Lotion 125ml | Soft &#038; Gentle"},"content":{"rendered":"<p><strong>DESCRIPTION<br \/>\n<\/strong>Cleansing Milk<\/p>\n<p>A particularly mild and balanced cleansing milk for every skin type. Due to a high proportion of aloe vera gel, the skin is already cared for during cleansing. The <em>Aloe Vera Cleansing Lotion<\/em> gently removes dust and dirt deposits and gives the skin a clean and fresh appearance.<\/p>\n<p><strong>APPLICATION<br \/>\n<\/strong>Emulsify some <em>Aloe Vera Cleansing Lotio<\/em>n with water. Apply evenly to face, neck and d\u00e9collet\u00e9. Massage with a circular motion to cleanse the skin. Remove with warm water and a sponge or compress. Also ideal for removing eye make-up: add <em>Aloe Vera Cleansing Lotion<\/em> to a cotton pad. Recommended for intensive cleansing with cleansing massage (approx. 1-3 minutes). Ideal for working with running herbal steam. Important: No ozone! This prevents the enzymes from their activity.<\/p>\n<p><strong>HAUTTYP<br \/>\n<\/strong>Every skin type<\/p>\n<p><strong>MAIN ACTIVE INGREDIENT<\/strong><\/p>\n<p>ACTIVE ALOE \u00ae &amp;\u00a0<a class=\"glossaryLink \" style=\"box-sizing: border-box; background-color: #ffffff; color: #b2a380; text-decoration: none !important; outline: none; border-bottom: 1px dotted; font-family: 'Open Sans', Arial, sans-serif; font-size: 16px; font-style: normal; font-variant-ligatures: normal; font-variant-caps: normal; font-weight: 500; letter-spacing: normal; orphans: 2; text-align: start; text-indent: 0px; text-transform: none; white-space: normal; widows: 2; word-spacing: 0px; -webkit-text-stroke-width: 0px;\" href=\"https:\/\/www.aloe-vera-cosmetic.de\/glossary\/mandeloel\/\" data-cmtooltip=\"lat. Prunus AmygdalusDulcis \/ eng. Sweet Almond Oil&lt;br \/&gt;&lt;strong&gt;Beschreibung:&lt;\/strong&gt; \u00d6l aus den Fr\u00fcchten der Amygdalus, Vorkommen: S\u00fcdeuropa und Asien Einsatz und Wirkung: Hautgl\u00e4ttend und -pflegend, dringt sehr gut in die Haut ein.\">Almond oil<\/a><\/p>\n<p><strong><em><a href=\"https:\/\/www.aloe-vera-cosmetic.de\/wp-content\/uploads\/2019\/08\/Icon_activealoe.png\"><img decoding=\"async\" class=\"alignnone wp-image-8316\" title=\"Active Aloe Vera\" src=\"https:\/\/www.aloe-vera-cosmetic.de\/wp-content\/uploads\/2019\/08\/Icon_activealoe.png\" alt=\"\" width=\"75\" height=\"75\" \/><\/a><\/em><\/strong><\/p>\n<p><strong><em>This product is suitable for vegans!<\/em><\/strong><\/p>\n","protected":false},"excerpt":{"rendered":"<p>Fragrant facial cleansing with ACTIVE ALOE \u00ae &amp; MANDEL\u00d6L.<\/p>\n","protected":false},"featured_media":21713,"comment_status":"open","ping_status":"closed","template":"","meta":{"_acf_changed":false},"product_brand":[],"product_cat":[167],"product_tag":[311,229,293,238,227,226,251,231],"class_list":{"0":"post-4493","1":"product","2":"type-product","3":"status-publish","4":"has-post-thumbnail","6":"product_cat-produktinfo-aloeveratratz","7":"product_tag-cleansing-milk-en","8":"product_tag-dry-skin-en","9":"product_tag-face-cleansing-en","10":"product_tag-low-moisture-skin-en","11":"product_tag-normal-and-adolescent-skin-en","12":"product_tag-normal-and-mix-skin-en","13":"product_tag-sensitive-skin-en-en","14":"product_tag-sophisticated-mature-skin-en","16":"first","17":"instock","18":"taxable","19":"shipping-taxable","20":"purchasable","21":"product-type-simple","22":"add-to-wishlist-before_add_to_cart"},"acf":[],"yoast_head":"<!-- This site is optimized with the Yoast SEO plugin v27.5 - https:\/\/yoast.com\/product\/yoast-seo-wordpress\/ -->\n<title>The Soft | Cleansing Lotion 125ml | Soft &amp; Gentle - Aloe-Vera Cosmetic Tratz<\/title>\n<meta name=\"description\" content=\"Die Aloe Vera Cleansing Lotion ist eine duftende Gesichtsreinigung mit ACTIVE ALOE \u00ae &amp; Palmkern\u00f6l.\" \/>\n<meta name=\"robots\" content=\"index, follow, max-snippet:-1, max-image-preview:large, max-video-preview:-1\" \/>\n<link rel=\"canonical\" href=\"https:\/\/www.aloe-vera-cosmetic.de\/en\/produkt\/cleansing-lotion-125ml\/\" \/>\n<meta property=\"og:locale\" content=\"en_US\" \/>\n<meta property=\"og:type\" content=\"article\" \/>\n<meta property=\"og:title\" content=\"The Soft | Cleansing Lotion 125ml | Soft &amp; Gentle - Aloe-Vera Cosmetic Tratz\" \/>\n<meta property=\"og:description\" content=\"Die Aloe Vera Cleansing Lotion ist eine duftende Gesichtsreinigung mit ACTIVE ALOE \u00ae &amp; Palmkern\u00f6l.\" \/>\n<meta property=\"og:url\" content=\"https:\/\/www.aloe-vera-cosmetic.de\/en\/produkt\/cleansing-lotion-125ml\/\" \/>\n<meta property=\"og:site_name\" content=\"Aloe-Vera Cosmetic Tratz\" \/>\n<meta property=\"article:publisher\" content=\"https:\/\/www.facebook.com\/tratzkosmetik\" \/>\n<meta property=\"article:modified_time\" content=\"2024-11-28T22:01:51+00:00\" \/>\n<meta property=\"og:image\" content=\"https:\/\/www.aloe-vera-cosmetic.de\/wp-content\/uploads\/2015\/12\/Cleansing-Lotion-150ml-hp.jpg\" \/>\n\t<meta property=\"og:image:width\" content=\"1500\" \/>\n\t<meta property=\"og:image:height\" content=\"1500\" \/>\n\t<meta property=\"og:image:type\" content=\"image\/jpeg\" \/>\n<meta name=\"twitter:card\" content=\"summary_large_image\" \/>\n<meta name=\"twitter:label1\" content=\"Est. reading time\" \/>\n\t<meta name=\"twitter:data1\" content=\"1 minute\" \/>\n<script type=\"application\/ld+json\" class=\"yoast-schema-graph\">{\"@context\":\"https:\\\/\\\/schema.org\",\"@graph\":[{\"@type\":\"WebPage\",\"@id\":\"https:\\\/\\\/www.aloe-vera-cosmetic.de\\\/en\\\/produkt\\\/cleansing-lotion-125ml\\\/\",\"url\":\"https:\\\/\\\/www.aloe-vera-cosmetic.de\\\/en\\\/produkt\\\/cleansing-lotion-125ml\\\/\",\"name\":\"The Soft | Cleansing Lotion 125ml | Soft & Gentle - Aloe-Vera Cosmetic Tratz\",\"isPartOf\":{\"@id\":\"https:\\\/\\\/www.aloe-vera-cosmetic.de\\\/en\\\/#website\"},\"primaryImageOfPage\":{\"@id\":\"https:\\\/\\\/www.aloe-vera-cosmetic.de\\\/en\\\/produkt\\\/cleansing-lotion-125ml\\\/#primaryimage\"},\"image\":{\"@id\":\"https:\\\/\\\/www.aloe-vera-cosmetic.de\\\/en\\\/produkt\\\/cleansing-lotion-125ml\\\/#primaryimage\"},\"thumbnailUrl\":\"https:\\\/\\\/www.aloe-vera-cosmetic.de\\\/wp-content\\\/uploads\\\/2015\\\/12\\\/Cleansing-Lotion-150ml-hp.jpg\",\"datePublished\":\"2015-12-02T14:24:15+00:00\",\"dateModified\":\"2024-11-28T22:01:51+00:00\",\"description\":\"Die Aloe Vera Cleansing Lotion ist eine duftende Gesichtsreinigung mit ACTIVE ALOE \u00ae & Palmkern\u00f6l.\",\"breadcrumb\":{\"@id\":\"https:\\\/\\\/www.aloe-vera-cosmetic.de\\\/en\\\/produkt\\\/cleansing-lotion-125ml\\\/#breadcrumb\"},\"inLanguage\":\"en-US\",\"potentialAction\":[{\"@type\":\"ReadAction\",\"target\":[\"https:\\\/\\\/www.aloe-vera-cosmetic.de\\\/en\\\/produkt\\\/cleansing-lotion-125ml\\\/\"]}]},{\"@type\":\"ImageObject\",\"inLanguage\":\"en-US\",\"@id\":\"https:\\\/\\\/www.aloe-vera-cosmetic.de\\\/en\\\/produkt\\\/cleansing-lotion-125ml\\\/#primaryimage\",\"url\":\"https:\\\/\\\/www.aloe-vera-cosmetic.de\\\/wp-content\\\/uploads\\\/2015\\\/12\\\/Cleansing-Lotion-150ml-hp.jpg\",\"contentUrl\":\"https:\\\/\\\/www.aloe-vera-cosmetic.de\\\/wp-content\\\/uploads\\\/2015\\\/12\\\/Cleansing-Lotion-150ml-hp.jpg\",\"width\":1500,\"height\":1500,\"caption\":\"Cleansing Lotion\"},{\"@type\":\"BreadcrumbList\",\"@id\":\"https:\\\/\\\/www.aloe-vera-cosmetic.de\\\/en\\\/produkt\\\/cleansing-lotion-125ml\\\/#breadcrumb\",\"itemListElement\":[{\"@type\":\"ListItem\",\"position\":1,\"name\":\"Startseite\",\"item\":\"https:\\\/\\\/www.aloe-vera-cosmetic.de\\\/en\\\/\"},{\"@type\":\"ListItem\",\"position\":2,\"name\":\"Shop\",\"item\":\"https:\\\/\\\/www.aloe-vera-cosmetic.de\\\/shop\\\/\"},{\"@type\":\"ListItem\",\"position\":3,\"name\":\"The Soft | Cleansing Lotion 125ml | Soft &#038; Gentle\"}]},{\"@type\":\"WebSite\",\"@id\":\"https:\\\/\\\/www.aloe-vera-cosmetic.de\\\/en\\\/#website\",\"url\":\"https:\\\/\\\/www.aloe-vera-cosmetic.de\\\/en\\\/\",\"name\":\"Aloe Vera Tratz\",\"description\":\"Kosmetik mit Pers\u00f6nlichkeit\",\"potentialAction\":[{\"@type\":\"SearchAction\",\"target\":{\"@type\":\"EntryPoint\",\"urlTemplate\":\"https:\\\/\\\/www.aloe-vera-cosmetic.de\\\/en\\\/?s={search_term_string}\"},\"query-input\":{\"@type\":\"PropertyValueSpecification\",\"valueRequired\":true,\"valueName\":\"search_term_string\"}}],\"inLanguage\":\"en-US\"}]}<\/script>\n<!-- \/ Yoast SEO plugin. -->","yoast_head_json":{"title":"The Soft | Cleansing Lotion 125ml | Soft & Gentle - Aloe-Vera Cosmetic Tratz","description":"Die Aloe Vera Cleansing Lotion ist eine duftende Gesichtsreinigung mit ACTIVE ALOE \u00ae & Palmkern\u00f6l.","robots":{"index":"index","follow":"follow","max-snippet":"max-snippet:-1","max-image-preview":"max-image-preview:large","max-video-preview":"max-video-preview:-1"},"canonical":"https:\/\/www.aloe-vera-cosmetic.de\/en\/produkt\/cleansing-lotion-125ml\/","og_locale":"en_US","og_type":"article","og_title":"The Soft | Cleansing Lotion 125ml | Soft & Gentle - Aloe-Vera Cosmetic Tratz","og_description":"Die Aloe Vera Cleansing Lotion ist eine duftende Gesichtsreinigung mit ACTIVE ALOE \u00ae & Palmkern\u00f6l.","og_url":"https:\/\/www.aloe-vera-cosmetic.de\/en\/produkt\/cleansing-lotion-125ml\/","og_site_name":"Aloe-Vera Cosmetic Tratz","article_publisher":"https:\/\/www.facebook.com\/tratzkosmetik","article_modified_time":"2024-11-28T22:01:51+00:00","og_image":[{"width":1500,"height":1500,"url":"https:\/\/www.aloe-vera-cosmetic.de\/wp-content\/uploads\/2015\/12\/Cleansing-Lotion-150ml-hp.jpg","type":"image\/jpeg"}],"twitter_card":"summary_large_image","twitter_misc":{"Est. reading time":"1 minute"},"schema":{"@context":"https:\/\/schema.org","@graph":[{"@type":"WebPage","@id":"https:\/\/www.aloe-vera-cosmetic.de\/en\/produkt\/cleansing-lotion-125ml\/","url":"https:\/\/www.aloe-vera-cosmetic.de\/en\/produkt\/cleansing-lotion-125ml\/","name":"The Soft | Cleansing Lotion 125ml | Soft & Gentle - Aloe-Vera Cosmetic Tratz","isPartOf":{"@id":"https:\/\/www.aloe-vera-cosmetic.de\/en\/#website"},"primaryImageOfPage":{"@id":"https:\/\/www.aloe-vera-cosmetic.de\/en\/produkt\/cleansing-lotion-125ml\/#primaryimage"},"image":{"@id":"https:\/\/www.aloe-vera-cosmetic.de\/en\/produkt\/cleansing-lotion-125ml\/#primaryimage"},"thumbnailUrl":"https:\/\/www.aloe-vera-cosmetic.de\/wp-content\/uploads\/2015\/12\/Cleansing-Lotion-150ml-hp.jpg","datePublished":"2015-12-02T14:24:15+00:00","dateModified":"2024-11-28T22:01:51+00:00","description":"Die Aloe Vera Cleansing Lotion ist eine duftende Gesichtsreinigung mit ACTIVE ALOE \u00ae & Palmkern\u00f6l.","breadcrumb":{"@id":"https:\/\/www.aloe-vera-cosmetic.de\/en\/produkt\/cleansing-lotion-125ml\/#breadcrumb"},"inLanguage":"en-US","potentialAction":[{"@type":"ReadAction","target":["https:\/\/www.aloe-vera-cosmetic.de\/en\/produkt\/cleansing-lotion-125ml\/"]}]},{"@type":"ImageObject","inLanguage":"en-US","@id":"https:\/\/www.aloe-vera-cosmetic.de\/en\/produkt\/cleansing-lotion-125ml\/#primaryimage","url":"https:\/\/www.aloe-vera-cosmetic.de\/wp-content\/uploads\/2015\/12\/Cleansing-Lotion-150ml-hp.jpg","contentUrl":"https:\/\/www.aloe-vera-cosmetic.de\/wp-content\/uploads\/2015\/12\/Cleansing-Lotion-150ml-hp.jpg","width":1500,"height":1500,"caption":"Cleansing Lotion"},{"@type":"BreadcrumbList","@id":"https:\/\/www.aloe-vera-cosmetic.de\/en\/produkt\/cleansing-lotion-125ml\/#breadcrumb","itemListElement":[{"@type":"ListItem","position":1,"name":"Startseite","item":"https:\/\/www.aloe-vera-cosmetic.de\/en\/"},{"@type":"ListItem","position":2,"name":"Shop","item":"https:\/\/www.aloe-vera-cosmetic.de\/shop\/"},{"@type":"ListItem","position":3,"name":"The Soft | Cleansing Lotion 125ml | Soft &#038; Gentle"}]},{"@type":"WebSite","@id":"https:\/\/www.aloe-vera-cosmetic.de\/en\/#website","url":"https:\/\/www.aloe-vera-cosmetic.de\/en\/","name":"Aloe Vera Tratz","description":"Kosmetik mit Pers\u00f6nlichkeit","potentialAction":[{"@type":"SearchAction","target":{"@type":"EntryPoint","urlTemplate":"https:\/\/www.aloe-vera-cosmetic.de\/en\/?s={search_term_string}"},"query-input":{"@type":"PropertyValueSpecification","valueRequired":true,"valueName":"search_term_string"}}],"inLanguage":"en-US"}]}},"_links":{"self":[{"href":"https:\/\/www.aloe-vera-cosmetic.de\/en\/wp-json\/wp\/v2\/product\/4493","targetHints":{"allow":["GET"]}}],"collection":[{"href":"https:\/\/www.aloe-vera-cosmetic.de\/en\/wp-json\/wp\/v2\/product"}],"about":[{"href":"https:\/\/www.aloe-vera-cosmetic.de\/en\/wp-json\/wp\/v2\/types\/product"}],"replies":[{"embeddable":true,"href":"https:\/\/www.aloe-vera-cosmetic.de\/en\/wp-json\/wp\/v2\/comments?post=4493"}],"version-history":[{"count":1,"href":"https:\/\/www.aloe-vera-cosmetic.de\/en\/wp-json\/wp\/v2\/product\/4493\/revisions"}],"predecessor-version":[{"id":14904,"href":"https:\/\/www.aloe-vera-cosmetic.de\/en\/wp-json\/wp\/v2\/product\/4493\/revisions\/14904"}],"wp:featuredmedia":[{"embeddable":true,"href":"https:\/\/www.aloe-vera-cosmetic.de\/en\/wp-json\/wp\/v2\/media\/21713"}],"wp:attachment":[{"href":"https:\/\/www.aloe-vera-cosmetic.de\/en\/wp-json\/wp\/v2\/media?parent=4493"}],"wp:term":[{"taxonomy":"product_brand","embeddable":true,"href":"https:\/\/www.aloe-vera-cosmetic.de\/en\/wp-json\/wp\/v2\/product_brand?post=4493"},{"taxonomy":"product_cat","embeddable":true,"href":"https:\/\/www.aloe-vera-cosmetic.de\/en\/wp-json\/wp\/v2\/product_cat?post=4493"},{"taxonomy":"product_tag","embeddable":true,"href":"https:\/\/www.aloe-vera-cosmetic.de\/en\/wp-json\/wp\/v2\/product_tag?post=4493"}],"curies":[{"name":"wp","href":"https:\/\/api.w.org\/{rel}","templated":true}]}}