{"id":4437,"date":"2015-12-04T09:20:44","date_gmt":"2015-12-04T08:20:44","guid":{"rendered":"https:\/\/www.aloe-vera-cosmetic.de\/produkt\/serum-e-30ml\/"},"modified":"2023-01-10T09:30:07","modified_gmt":"2023-01-10T08:30:07","slug":"serum-e-30ml","status":"publish","type":"product","link":"https:\/\/www.aloe-vera-cosmetic.de\/en\/produkt\/serum-e-30ml\/","title":{"rendered":"Energizing | Serum E 30ml |"},"content":{"rendered":"<p><strong>DESCRIPTION<br \/>\n<\/strong>Energieserum<\/p>\n<p>Energetisierendes, straffendes Energieserum f\u00fcr die gestresste und m\u00fcde Haut. Ganzheitlich wirkende Ampullenalternative mit dem besonderen Aloe Vera Lipod, \u00e4therischen Wirkstoff-\u00d6len und katalytischen Tr\u00e4ger\u00f6len.<\/p>\n<p><strong>APPLICATION<br \/>\n<\/strong>Mix 2-3 drops into <em><a href=\"https:\/\/www.aloe-vera-cosmetic.de\/produkt\/supergel125ml\/\" target=\"_blank\" rel=\"noopener noreferrer\">Super Gel<\/a><\/em> and apply over a large area. Treatment Variations: Compresses, care application, aroma mask, energy-touch treatment or as additonal care at home.<\/p>\n<p><strong>SKIN TYPE<br \/>\n<\/strong>Tired and stressed skin<\/p>\n<p><strong>EFFECT<br \/>\n<\/strong>Camomile oil, Gernium oil, Patchouli oil, Muscat sage oil, Palmarosa oil, Rosewood oil, Lavender oil (from natural essential oils)<\/p>\n<p><em><strong>This product is suitable for vegans!<\/strong><\/em><\/p>\n","protected":false},"excerpt":{"rendered":"<p>Energizing and firming energy serum for stressed and tired skin.<\/p>\n","protected":false},"featured_media":29388,"comment_status":"open","ping_status":"closed","template":"","meta":{"_acf_changed":false},"product_brand":[],"product_cat":[167],"product_tag":[280,238,226,233,479],"class_list":{"0":"post-4437","1":"product","2":"type-product","3":"status-publish","4":"has-post-thumbnail","6":"product_cat-produktinfo-aloeveratratz","7":"product_tag-energizing-serum-en","8":"product_tag-low-moisture-skin-en","9":"product_tag-normal-and-mix-skin-en","10":"product_tag-special-care-en","11":"product_tag-winterskincare","13":"first","14":"instock","15":"taxable","16":"shipping-taxable","17":"purchasable","18":"product-type-simple","19":"add-to-wishlist-before_add_to_cart"},"acf":[],"yoast_head":"<!-- This site is optimized with the Yoast SEO plugin v27.2 - https:\/\/yoast.com\/product\/yoast-seo-wordpress\/ -->\n<title>Energizing | Serum E 30ml | - Aloe-Vera Cosmetic Tratz<\/title>\n<meta name=\"description\" content=\"Our Aloe Vera Serum E is an energizing and firming energy serum for stressed and tired skin.\" \/>\n<meta name=\"robots\" content=\"index, follow, max-snippet:-1, max-image-preview:large, max-video-preview:-1\" \/>\n<link rel=\"canonical\" href=\"https:\/\/www.aloe-vera-cosmetic.de\/en\/produkt\/serum-e-30ml\/\" \/>\n<meta property=\"og:locale\" content=\"en_US\" \/>\n<meta property=\"og:type\" content=\"article\" \/>\n<meta property=\"og:title\" content=\"Energizing | Serum E 30ml | - Aloe-Vera Cosmetic Tratz\" \/>\n<meta property=\"og:description\" content=\"Our Aloe Vera Serum E is an energizing and firming energy serum for stressed and tired skin.\" \/>\n<meta property=\"og:url\" content=\"https:\/\/www.aloe-vera-cosmetic.de\/en\/produkt\/serum-e-30ml\/\" \/>\n<meta property=\"og:site_name\" content=\"Aloe-Vera Cosmetic Tratz\" \/>\n<meta property=\"article:publisher\" content=\"https:\/\/www.facebook.com\/tratzkosmetik\" \/>\n<meta property=\"article:modified_time\" content=\"2023-01-10T08:30:07+00:00\" \/>\n<meta property=\"og:image\" content=\"https:\/\/www.aloe-vera-cosmetic.de\/wp-content\/uploads\/2015\/12\/Serum-E-7-23.jpg\" \/>\n\t<meta property=\"og:image:width\" content=\"1000\" \/>\n\t<meta property=\"og:image:height\" content=\"1000\" \/>\n\t<meta property=\"og:image:type\" content=\"image\/jpeg\" \/>\n<meta name=\"twitter:card\" content=\"summary_large_image\" \/>\n<meta name=\"twitter:label1\" content=\"Est. reading time\" \/>\n\t<meta name=\"twitter:data1\" content=\"1 minute\" \/>\n<script type=\"application\/ld+json\" class=\"yoast-schema-graph\">{\"@context\":\"https:\/\/schema.org\",\"@graph\":[{\"@type\":\"WebPage\",\"@id\":\"https:\/\/www.aloe-vera-cosmetic.de\/en\/produkt\/serum-e-30ml\/\",\"url\":\"https:\/\/www.aloe-vera-cosmetic.de\/en\/produkt\/serum-e-30ml\/\",\"name\":\"Energizing | Serum E 30ml | - Aloe-Vera Cosmetic Tratz\",\"isPartOf\":{\"@id\":\"https:\/\/www.aloe-vera-cosmetic.de\/en\/#website\"},\"primaryImageOfPage\":{\"@id\":\"https:\/\/www.aloe-vera-cosmetic.de\/en\/produkt\/serum-e-30ml\/#primaryimage\"},\"image\":{\"@id\":\"https:\/\/www.aloe-vera-cosmetic.de\/en\/produkt\/serum-e-30ml\/#primaryimage\"},\"thumbnailUrl\":\"https:\/\/www.aloe-vera-cosmetic.de\/wp-content\/uploads\/2015\/12\/Serum-E-7-23.jpg\",\"datePublished\":\"2015-12-04T08:20:44+00:00\",\"dateModified\":\"2023-01-10T08:30:07+00:00\",\"description\":\"Our Aloe Vera Serum E is an energizing and firming energy serum for stressed and tired skin.\",\"breadcrumb\":{\"@id\":\"https:\/\/www.aloe-vera-cosmetic.de\/en\/produkt\/serum-e-30ml\/#breadcrumb\"},\"inLanguage\":\"en-US\",\"potentialAction\":[{\"@type\":\"ReadAction\",\"target\":[\"https:\/\/www.aloe-vera-cosmetic.de\/en\/produkt\/serum-e-30ml\/\"]}]},{\"@type\":\"ImageObject\",\"inLanguage\":\"en-US\",\"@id\":\"https:\/\/www.aloe-vera-cosmetic.de\/en\/produkt\/serum-e-30ml\/#primaryimage\",\"url\":\"https:\/\/www.aloe-vera-cosmetic.de\/wp-content\/uploads\/2015\/12\/Serum-E-7-23.jpg\",\"contentUrl\":\"https:\/\/www.aloe-vera-cosmetic.de\/wp-content\/uploads\/2015\/12\/Serum-E-7-23.jpg\",\"width\":1000,\"height\":1000,\"caption\":\"Serum E\"},{\"@type\":\"BreadcrumbList\",\"@id\":\"https:\/\/www.aloe-vera-cosmetic.de\/en\/produkt\/serum-e-30ml\/#breadcrumb\",\"itemListElement\":[{\"@type\":\"ListItem\",\"position\":1,\"name\":\"Startseite\",\"item\":\"https:\/\/www.aloe-vera-cosmetic.de\/en\/\"},{\"@type\":\"ListItem\",\"position\":2,\"name\":\"Shop\",\"item\":\"https:\/\/www.aloe-vera-cosmetic.de\/shop\/\"},{\"@type\":\"ListItem\",\"position\":3,\"name\":\"Energizing | Serum E 30ml |\"}]},{\"@type\":\"WebSite\",\"@id\":\"https:\/\/www.aloe-vera-cosmetic.de\/en\/#website\",\"url\":\"https:\/\/www.aloe-vera-cosmetic.de\/en\/\",\"name\":\"Aloe Vera Tratz\",\"description\":\"Kosmetik mit Pers\u00f6nlichkeit\",\"potentialAction\":[{\"@type\":\"SearchAction\",\"target\":{\"@type\":\"EntryPoint\",\"urlTemplate\":\"https:\/\/www.aloe-vera-cosmetic.de\/en\/?s={search_term_string}\"},\"query-input\":{\"@type\":\"PropertyValueSpecification\",\"valueRequired\":true,\"valueName\":\"search_term_string\"}}],\"inLanguage\":\"en-US\"}]}<\/script>\n<!-- \/ Yoast SEO plugin. -->","yoast_head_json":{"title":"Energizing | Serum E 30ml | - Aloe-Vera Cosmetic Tratz","description":"Our Aloe Vera Serum E is an energizing and firming energy serum for stressed and tired skin.","robots":{"index":"index","follow":"follow","max-snippet":"max-snippet:-1","max-image-preview":"max-image-preview:large","max-video-preview":"max-video-preview:-1"},"canonical":"https:\/\/www.aloe-vera-cosmetic.de\/en\/produkt\/serum-e-30ml\/","og_locale":"en_US","og_type":"article","og_title":"Energizing | Serum E 30ml | - Aloe-Vera Cosmetic Tratz","og_description":"Our Aloe Vera Serum E is an energizing and firming energy serum for stressed and tired skin.","og_url":"https:\/\/www.aloe-vera-cosmetic.de\/en\/produkt\/serum-e-30ml\/","og_site_name":"Aloe-Vera Cosmetic Tratz","article_publisher":"https:\/\/www.facebook.com\/tratzkosmetik","article_modified_time":"2023-01-10T08:30:07+00:00","og_image":[{"width":1000,"height":1000,"url":"https:\/\/www.aloe-vera-cosmetic.de\/wp-content\/uploads\/2015\/12\/Serum-E-7-23.jpg","type":"image\/jpeg"}],"twitter_card":"summary_large_image","twitter_misc":{"Est. reading time":"1 minute"},"schema":{"@context":"https:\/\/schema.org","@graph":[{"@type":"WebPage","@id":"https:\/\/www.aloe-vera-cosmetic.de\/en\/produkt\/serum-e-30ml\/","url":"https:\/\/www.aloe-vera-cosmetic.de\/en\/produkt\/serum-e-30ml\/","name":"Energizing | Serum E 30ml | - Aloe-Vera Cosmetic Tratz","isPartOf":{"@id":"https:\/\/www.aloe-vera-cosmetic.de\/en\/#website"},"primaryImageOfPage":{"@id":"https:\/\/www.aloe-vera-cosmetic.de\/en\/produkt\/serum-e-30ml\/#primaryimage"},"image":{"@id":"https:\/\/www.aloe-vera-cosmetic.de\/en\/produkt\/serum-e-30ml\/#primaryimage"},"thumbnailUrl":"https:\/\/www.aloe-vera-cosmetic.de\/wp-content\/uploads\/2015\/12\/Serum-E-7-23.jpg","datePublished":"2015-12-04T08:20:44+00:00","dateModified":"2023-01-10T08:30:07+00:00","description":"Our Aloe Vera Serum E is an energizing and firming energy serum for stressed and tired skin.","breadcrumb":{"@id":"https:\/\/www.aloe-vera-cosmetic.de\/en\/produkt\/serum-e-30ml\/#breadcrumb"},"inLanguage":"en-US","potentialAction":[{"@type":"ReadAction","target":["https:\/\/www.aloe-vera-cosmetic.de\/en\/produkt\/serum-e-30ml\/"]}]},{"@type":"ImageObject","inLanguage":"en-US","@id":"https:\/\/www.aloe-vera-cosmetic.de\/en\/produkt\/serum-e-30ml\/#primaryimage","url":"https:\/\/www.aloe-vera-cosmetic.de\/wp-content\/uploads\/2015\/12\/Serum-E-7-23.jpg","contentUrl":"https:\/\/www.aloe-vera-cosmetic.de\/wp-content\/uploads\/2015\/12\/Serum-E-7-23.jpg","width":1000,"height":1000,"caption":"Serum E"},{"@type":"BreadcrumbList","@id":"https:\/\/www.aloe-vera-cosmetic.de\/en\/produkt\/serum-e-30ml\/#breadcrumb","itemListElement":[{"@type":"ListItem","position":1,"name":"Startseite","item":"https:\/\/www.aloe-vera-cosmetic.de\/en\/"},{"@type":"ListItem","position":2,"name":"Shop","item":"https:\/\/www.aloe-vera-cosmetic.de\/shop\/"},{"@type":"ListItem","position":3,"name":"Energizing | Serum E 30ml |"}]},{"@type":"WebSite","@id":"https:\/\/www.aloe-vera-cosmetic.de\/en\/#website","url":"https:\/\/www.aloe-vera-cosmetic.de\/en\/","name":"Aloe Vera Tratz","description":"Kosmetik mit Pers\u00f6nlichkeit","potentialAction":[{"@type":"SearchAction","target":{"@type":"EntryPoint","urlTemplate":"https:\/\/www.aloe-vera-cosmetic.de\/en\/?s={search_term_string}"},"query-input":{"@type":"PropertyValueSpecification","valueRequired":true,"valueName":"search_term_string"}}],"inLanguage":"en-US"}]}},"_links":{"self":[{"href":"https:\/\/www.aloe-vera-cosmetic.de\/en\/wp-json\/wp\/v2\/product\/4437","targetHints":{"allow":["GET"]}}],"collection":[{"href":"https:\/\/www.aloe-vera-cosmetic.de\/en\/wp-json\/wp\/v2\/product"}],"about":[{"href":"https:\/\/www.aloe-vera-cosmetic.de\/en\/wp-json\/wp\/v2\/types\/product"}],"replies":[{"embeddable":true,"href":"https:\/\/www.aloe-vera-cosmetic.de\/en\/wp-json\/wp\/v2\/comments?post=4437"}],"version-history":[{"count":1,"href":"https:\/\/www.aloe-vera-cosmetic.de\/en\/wp-json\/wp\/v2\/product\/4437\/revisions"}],"predecessor-version":[{"id":14746,"href":"https:\/\/www.aloe-vera-cosmetic.de\/en\/wp-json\/wp\/v2\/product\/4437\/revisions\/14746"}],"wp:featuredmedia":[{"embeddable":true,"href":"https:\/\/www.aloe-vera-cosmetic.de\/en\/wp-json\/wp\/v2\/media\/29388"}],"wp:attachment":[{"href":"https:\/\/www.aloe-vera-cosmetic.de\/en\/wp-json\/wp\/v2\/media?parent=4437"}],"wp:term":[{"taxonomy":"product_brand","embeddable":true,"href":"https:\/\/www.aloe-vera-cosmetic.de\/en\/wp-json\/wp\/v2\/product_brand?post=4437"},{"taxonomy":"product_cat","embeddable":true,"href":"https:\/\/www.aloe-vera-cosmetic.de\/en\/wp-json\/wp\/v2\/product_cat?post=4437"},{"taxonomy":"product_tag","embeddable":true,"href":"https:\/\/www.aloe-vera-cosmetic.de\/en\/wp-json\/wp\/v2\/product_tag?post=4437"}],"curies":[{"name":"wp","href":"https:\/\/api.w.org\/{rel}","templated":true}]}}