{"id":4386,"date":"2018-02-20T16:41:47","date_gmt":"2018-02-20T15:41:47","guid":{"rendered":"https:\/\/www.aloe-vera-cosmetic.de\/produkt\/set-of-four-natural-oils\/"},"modified":"2020-08-19T11:57:28","modified_gmt":"2020-08-19T09:57:28","slug":"set-of-four-natural-oils","status":"publish","type":"product","link":"https:\/\/www.aloe-vera-cosmetic.de\/en\/produkt\/set-of-four-natural-oils\/","title":{"rendered":"Set of 4 | Natural oils | 100ml"},"content":{"rendered":"<p><strong>DESCRIPTION<br \/>\n<\/strong>Natur\u00f6le<\/p>\n<p>Our spa oils are a perfect composition for the face and the whole body. They are an excellent complement to the Aloe-Vera active ingredient Cosmetic Tratz products.<\/p>\n<p>Their special ingredients are perfectly matched to each other. The 100 % pure essential oils envelop the skin, supply it with important nutrients and nourish it silky soft.<\/p>\n<p><a href=\"https:\/\/www.aloe-vera-cosmetic.de\/wp-content\/uploads\/2019\/08\/Icon_diy.png\"><img decoding=\"async\" class=\"alignnone wp-image-8333\" title=\"Nat\u00fcrliche Inhaltsstoffe\" src=\"https:\/\/www.aloe-vera-cosmetic.de\/wp-content\/uploads\/2019\/08\/Icon_diy.png\" alt=\"\" width=\"75\" height=\"75\" \/><\/a><\/p>\n<p><strong>These products are suitable for vegans!<\/strong><\/p>\n<p>&nbsp;<\/p>\n<p><a href=\"https:\/\/www.aloe-vera-cosmetic.de\/produkt\/melissen-oel-100ml\/\">Lemon balm oil:<\/a> Calms and strengthens skin that is out of balance. Its clear and fresh scent has a regulating effect on the inner harmony and mental balance.<\/p>\n<p><a href=\"https:\/\/www.aloe-vera-cosmetic.de\/produkt\/citrus-oel-100ml\/\">Citrus oil<\/a>: Revives and strengthens dry skin. Its fresh and friendly scent spreads a positive mood. The light oil is suitable &#8211; especially in summer &#8211; for daily body care.<\/p>\n<p><a href=\"https:\/\/www.aloe-vera-cosmetic.de\/produkt\/lavendel-oel-100ml\/\">Lavender oil:<\/a> Harmonises and balances body and soul. Its Mediterranean, mild and soothing fragrance opens the senses and promotes calm and serenity. Also for calming children.<\/p>\n<p><a href=\"https:\/\/www.aloe-vera-cosmetic.de\/produkt\/rosenoel100ml\/\">Wild Rose oil: <\/a>Stimulates the skin and stimulates it to absorb moisture. Its flowery, soft, very delicate fragrance has a mood-enhancing, invigorating and aphrodisiac effects on body and soul.<\/p>\n<p><strong>TIP<\/strong><br \/>\nPut our 100% pure natural oils in the bathtub! This is a wonderful aromatherapy and at the same time you have a well-groomed skin!<\/p>\n","protected":false},"excerpt":{"rendered":"<p>Our spa oils are a perfect composition for the face and the whole body. They are an excellent complement to the Aloe-Vera active ingredient Cosmetic Tratz products.<\/p>\n","protected":false},"featured_media":24816,"comment_status":"open","ping_status":"closed","template":"","meta":{"_acf_changed":false},"product_brand":[],"product_cat":[167],"product_tag":[274,229,265,226,251,228],"class_list":{"0":"post-4386","1":"product","2":"type-product","3":"status-publish","4":"has-post-thumbnail","6":"product_cat-produktinfo-aloeveratratz","7":"product_tag-body-care-en","8":"product_tag-dry-skin-en","9":"product_tag-massage-oil-en","10":"product_tag-normal-and-mix-skin-en","11":"product_tag-sensitive-skin-en-en","12":"product_tag-sets-en","14":"first","15":"instock","16":"taxable","17":"shipping-taxable","18":"purchasable","19":"product-type-variable","20":"add-to-wishlist-before_add_to_cart"},"acf":[],"yoast_head":"<!-- This site is optimized with the Yoast SEO plugin v27.2 - https:\/\/yoast.com\/product\/yoast-seo-wordpress\/ -->\n<title>Set of 4 | Natural oils | 100ml - Aloe-Vera Cosmetic Tratz<\/title>\n<meta name=\"description\" content=\"Naturpflege\u00f6le sind eine vollendete Komposition f\u00fcr das Gesicht und den gesamten K\u00f6rper. Sie sind eine hervorragende Erg\u00e4nzung zu den Aloe-Vera Produkten.\" \/>\n<meta name=\"robots\" content=\"index, follow, max-snippet:-1, max-image-preview:large, max-video-preview:-1\" \/>\n<link rel=\"canonical\" href=\"https:\/\/www.aloe-vera-cosmetic.de\/en\/produkt\/set-of-four-natural-oils\/\" \/>\n<meta property=\"og:locale\" content=\"en_US\" \/>\n<meta property=\"og:type\" content=\"article\" \/>\n<meta property=\"og:title\" content=\"Set of 4 | Natural oils | 100ml - Aloe-Vera Cosmetic Tratz\" \/>\n<meta property=\"og:description\" content=\"Naturpflege\u00f6le sind eine vollendete Komposition f\u00fcr das Gesicht und den gesamten K\u00f6rper. Sie sind eine hervorragende Erg\u00e4nzung zu den Aloe-Vera Produkten.\" \/>\n<meta property=\"og:url\" content=\"https:\/\/www.aloe-vera-cosmetic.de\/en\/produkt\/set-of-four-natural-oils\/\" \/>\n<meta property=\"og:site_name\" content=\"Aloe-Vera Cosmetic Tratz\" \/>\n<meta property=\"article:publisher\" content=\"https:\/\/www.facebook.com\/tratzkosmetik\" \/>\n<meta property=\"article:modified_time\" content=\"2020-08-19T09:57:28+00:00\" \/>\n<meta property=\"og:image\" content=\"https:\/\/www.aloe-vera-cosmetic.de\/wp-content\/uploads\/2015\/12\/12-22-setoele-100.jpg\" \/>\n\t<meta property=\"og:image:width\" content=\"1000\" \/>\n\t<meta property=\"og:image:height\" content=\"1000\" \/>\n\t<meta property=\"og:image:type\" content=\"image\/jpeg\" \/>\n<meta name=\"twitter:card\" content=\"summary_large_image\" \/>\n<meta name=\"twitter:label1\" content=\"Est. reading time\" \/>\n\t<meta name=\"twitter:data1\" content=\"1 minute\" \/>\n<script type=\"application\/ld+json\" class=\"yoast-schema-graph\">{\"@context\":\"https:\/\/schema.org\",\"@graph\":[{\"@type\":\"WebPage\",\"@id\":\"https:\/\/www.aloe-vera-cosmetic.de\/en\/produkt\/set-of-four-natural-oils\/\",\"url\":\"https:\/\/www.aloe-vera-cosmetic.de\/en\/produkt\/set-of-four-natural-oils\/\",\"name\":\"Set of 4 | Natural oils | 100ml - Aloe-Vera Cosmetic Tratz\",\"isPartOf\":{\"@id\":\"https:\/\/www.aloe-vera-cosmetic.de\/en\/#website\"},\"primaryImageOfPage\":{\"@id\":\"https:\/\/www.aloe-vera-cosmetic.de\/en\/produkt\/set-of-four-natural-oils\/#primaryimage\"},\"image\":{\"@id\":\"https:\/\/www.aloe-vera-cosmetic.de\/en\/produkt\/set-of-four-natural-oils\/#primaryimage\"},\"thumbnailUrl\":\"https:\/\/www.aloe-vera-cosmetic.de\/wp-content\/uploads\/2015\/12\/12-22-setoele-100.jpg\",\"datePublished\":\"2018-02-20T15:41:47+00:00\",\"dateModified\":\"2020-08-19T09:57:28+00:00\",\"description\":\"Naturpflege\u00f6le sind eine vollendete Komposition f\u00fcr das Gesicht und den gesamten K\u00f6rper. Sie sind eine hervorragende Erg\u00e4nzung zu den Aloe-Vera Produkten.\",\"breadcrumb\":{\"@id\":\"https:\/\/www.aloe-vera-cosmetic.de\/en\/produkt\/set-of-four-natural-oils\/#breadcrumb\"},\"inLanguage\":\"en-US\",\"potentialAction\":[{\"@type\":\"ReadAction\",\"target\":[\"https:\/\/www.aloe-vera-cosmetic.de\/en\/produkt\/set-of-four-natural-oils\/\"]}]},{\"@type\":\"ImageObject\",\"inLanguage\":\"en-US\",\"@id\":\"https:\/\/www.aloe-vera-cosmetic.de\/en\/produkt\/set-of-four-natural-oils\/#primaryimage\",\"url\":\"https:\/\/www.aloe-vera-cosmetic.de\/wp-content\/uploads\/2015\/12\/12-22-setoele-100.jpg\",\"contentUrl\":\"https:\/\/www.aloe-vera-cosmetic.de\/wp-content\/uploads\/2015\/12\/12-22-setoele-100.jpg\",\"width\":1000,\"height\":1000,\"caption\":\"Spa \u00d6le - 100ml\"},{\"@type\":\"BreadcrumbList\",\"@id\":\"https:\/\/www.aloe-vera-cosmetic.de\/en\/produkt\/set-of-four-natural-oils\/#breadcrumb\",\"itemListElement\":[{\"@type\":\"ListItem\",\"position\":1,\"name\":\"Startseite\",\"item\":\"https:\/\/www.aloe-vera-cosmetic.de\/en\/\"},{\"@type\":\"ListItem\",\"position\":2,\"name\":\"Shop\",\"item\":\"https:\/\/www.aloe-vera-cosmetic.de\/shop\/\"},{\"@type\":\"ListItem\",\"position\":3,\"name\":\"Set of 4 | Natural oils | 100ml\"}]},{\"@type\":\"WebSite\",\"@id\":\"https:\/\/www.aloe-vera-cosmetic.de\/en\/#website\",\"url\":\"https:\/\/www.aloe-vera-cosmetic.de\/en\/\",\"name\":\"Aloe Vera Tratz\",\"description\":\"Kosmetik mit Pers\u00f6nlichkeit\",\"potentialAction\":[{\"@type\":\"SearchAction\",\"target\":{\"@type\":\"EntryPoint\",\"urlTemplate\":\"https:\/\/www.aloe-vera-cosmetic.de\/en\/?s={search_term_string}\"},\"query-input\":{\"@type\":\"PropertyValueSpecification\",\"valueRequired\":true,\"valueName\":\"search_term_string\"}}],\"inLanguage\":\"en-US\"}]}<\/script>\n<!-- \/ Yoast SEO plugin. -->","yoast_head_json":{"title":"Set of 4 | Natural oils | 100ml - Aloe-Vera Cosmetic Tratz","description":"Naturpflege\u00f6le sind eine vollendete Komposition f\u00fcr das Gesicht und den gesamten K\u00f6rper. Sie sind eine hervorragende Erg\u00e4nzung zu den Aloe-Vera Produkten.","robots":{"index":"index","follow":"follow","max-snippet":"max-snippet:-1","max-image-preview":"max-image-preview:large","max-video-preview":"max-video-preview:-1"},"canonical":"https:\/\/www.aloe-vera-cosmetic.de\/en\/produkt\/set-of-four-natural-oils\/","og_locale":"en_US","og_type":"article","og_title":"Set of 4 | Natural oils | 100ml - Aloe-Vera Cosmetic Tratz","og_description":"Naturpflege\u00f6le sind eine vollendete Komposition f\u00fcr das Gesicht und den gesamten K\u00f6rper. Sie sind eine hervorragende Erg\u00e4nzung zu den Aloe-Vera Produkten.","og_url":"https:\/\/www.aloe-vera-cosmetic.de\/en\/produkt\/set-of-four-natural-oils\/","og_site_name":"Aloe-Vera Cosmetic Tratz","article_publisher":"https:\/\/www.facebook.com\/tratzkosmetik","article_modified_time":"2020-08-19T09:57:28+00:00","og_image":[{"width":1000,"height":1000,"url":"https:\/\/www.aloe-vera-cosmetic.de\/wp-content\/uploads\/2015\/12\/12-22-setoele-100.jpg","type":"image\/jpeg"}],"twitter_card":"summary_large_image","twitter_misc":{"Est. reading time":"1 minute"},"schema":{"@context":"https:\/\/schema.org","@graph":[{"@type":"WebPage","@id":"https:\/\/www.aloe-vera-cosmetic.de\/en\/produkt\/set-of-four-natural-oils\/","url":"https:\/\/www.aloe-vera-cosmetic.de\/en\/produkt\/set-of-four-natural-oils\/","name":"Set of 4 | Natural oils | 100ml - Aloe-Vera Cosmetic Tratz","isPartOf":{"@id":"https:\/\/www.aloe-vera-cosmetic.de\/en\/#website"},"primaryImageOfPage":{"@id":"https:\/\/www.aloe-vera-cosmetic.de\/en\/produkt\/set-of-four-natural-oils\/#primaryimage"},"image":{"@id":"https:\/\/www.aloe-vera-cosmetic.de\/en\/produkt\/set-of-four-natural-oils\/#primaryimage"},"thumbnailUrl":"https:\/\/www.aloe-vera-cosmetic.de\/wp-content\/uploads\/2015\/12\/12-22-setoele-100.jpg","datePublished":"2018-02-20T15:41:47+00:00","dateModified":"2020-08-19T09:57:28+00:00","description":"Naturpflege\u00f6le sind eine vollendete Komposition f\u00fcr das Gesicht und den gesamten K\u00f6rper. Sie sind eine hervorragende Erg\u00e4nzung zu den Aloe-Vera Produkten.","breadcrumb":{"@id":"https:\/\/www.aloe-vera-cosmetic.de\/en\/produkt\/set-of-four-natural-oils\/#breadcrumb"},"inLanguage":"en-US","potentialAction":[{"@type":"ReadAction","target":["https:\/\/www.aloe-vera-cosmetic.de\/en\/produkt\/set-of-four-natural-oils\/"]}]},{"@type":"ImageObject","inLanguage":"en-US","@id":"https:\/\/www.aloe-vera-cosmetic.de\/en\/produkt\/set-of-four-natural-oils\/#primaryimage","url":"https:\/\/www.aloe-vera-cosmetic.de\/wp-content\/uploads\/2015\/12\/12-22-setoele-100.jpg","contentUrl":"https:\/\/www.aloe-vera-cosmetic.de\/wp-content\/uploads\/2015\/12\/12-22-setoele-100.jpg","width":1000,"height":1000,"caption":"Spa \u00d6le - 100ml"},{"@type":"BreadcrumbList","@id":"https:\/\/www.aloe-vera-cosmetic.de\/en\/produkt\/set-of-four-natural-oils\/#breadcrumb","itemListElement":[{"@type":"ListItem","position":1,"name":"Startseite","item":"https:\/\/www.aloe-vera-cosmetic.de\/en\/"},{"@type":"ListItem","position":2,"name":"Shop","item":"https:\/\/www.aloe-vera-cosmetic.de\/shop\/"},{"@type":"ListItem","position":3,"name":"Set of 4 | Natural oils | 100ml"}]},{"@type":"WebSite","@id":"https:\/\/www.aloe-vera-cosmetic.de\/en\/#website","url":"https:\/\/www.aloe-vera-cosmetic.de\/en\/","name":"Aloe Vera Tratz","description":"Kosmetik mit Pers\u00f6nlichkeit","potentialAction":[{"@type":"SearchAction","target":{"@type":"EntryPoint","urlTemplate":"https:\/\/www.aloe-vera-cosmetic.de\/en\/?s={search_term_string}"},"query-input":{"@type":"PropertyValueSpecification","valueRequired":true,"valueName":"search_term_string"}}],"inLanguage":"en-US"}]}},"_links":{"self":[{"href":"https:\/\/www.aloe-vera-cosmetic.de\/en\/wp-json\/wp\/v2\/product\/4386","targetHints":{"allow":["GET"]}}],"collection":[{"href":"https:\/\/www.aloe-vera-cosmetic.de\/en\/wp-json\/wp\/v2\/product"}],"about":[{"href":"https:\/\/www.aloe-vera-cosmetic.de\/en\/wp-json\/wp\/v2\/types\/product"}],"replies":[{"embeddable":true,"href":"https:\/\/www.aloe-vera-cosmetic.de\/en\/wp-json\/wp\/v2\/comments?post=4386"}],"version-history":[{"count":1,"href":"https:\/\/www.aloe-vera-cosmetic.de\/en\/wp-json\/wp\/v2\/product\/4386\/revisions"}],"predecessor-version":[{"id":4516,"href":"https:\/\/www.aloe-vera-cosmetic.de\/en\/wp-json\/wp\/v2\/product\/4386\/revisions\/4516"}],"wp:featuredmedia":[{"embeddable":true,"href":"https:\/\/www.aloe-vera-cosmetic.de\/en\/wp-json\/wp\/v2\/media\/24816"}],"wp:attachment":[{"href":"https:\/\/www.aloe-vera-cosmetic.de\/en\/wp-json\/wp\/v2\/media?parent=4386"}],"wp:term":[{"taxonomy":"product_brand","embeddable":true,"href":"https:\/\/www.aloe-vera-cosmetic.de\/en\/wp-json\/wp\/v2\/product_brand?post=4386"},{"taxonomy":"product_cat","embeddable":true,"href":"https:\/\/www.aloe-vera-cosmetic.de\/en\/wp-json\/wp\/v2\/product_cat?post=4386"},{"taxonomy":"product_tag","embeddable":true,"href":"https:\/\/www.aloe-vera-cosmetic.de\/en\/wp-json\/wp\/v2\/product_tag?post=4386"}],"curies":[{"name":"wp","href":"https:\/\/api.w.org\/{rel}","templated":true}]}}