{"id":4370,"date":"2018-05-04T09:16:03","date_gmt":"2018-05-04T07:16:03","guid":{"rendered":"https:\/\/www.aloe-vera-cosmetic.de\/produkt\/set\/"},"modified":"2020-08-18T11:43:36","modified_gmt":"2020-08-18T09:43:36","slug":"set","status":"publish","type":"product","link":"https:\/\/www.aloe-vera-cosmetic.de\/en\/produkt\/set\/","title":{"rendered":"Set | MAN |"},"content":{"rendered":"<p><strong>DESCRIPTION<br \/>\n<\/strong>Men Skin<\/p>\n<p>Daily shaving is often a worry for men&#8217;s skin. The skin reddens, impurities are easily formed and ingrown beard hairs upset the balance of the house. We recommend After Shave Balm in combination with our pure Aloe Vera Super Gel to balance and relieve shaving strains. In addition, the energizing cleansing foam Energy Foam gently frees the skin from impurities and is suitable for all skin types. Based on 100 % pure natural oils (kba), this mild care product cleanses deep into the pores. Citrus and orange refresh and invigorate the skin.<br \/>\nThe mood-enhancing fragrance is the ideal start or end to a strenuous day.<\/p>\n<p>Our recommendation: Man(s) take care of themselves with our set MAN!<\/p>\n<p>The set includes: <a href=\"https:\/\/www.aloe-vera-cosmetic.de\/produkt\/energyfoam-man\/\">Energy Foam for MAN 125ml<\/a>,\u00a0<a href=\"https:\/\/www.aloe-vera-cosmetic.de\/produkt\/aloeverasupergelman\/\">Super Gel for MAN 125ml<\/a>, <a href=\"https:\/\/www.aloe-vera-cosmetic.de\/produkt\/aftershavebalm\/\">After Shave Balm 50ml<\/a><\/p>\n<p><strong>The products are suitable for vegans.<\/strong><\/p>\n<p>PS: Also an ideal gift for Father&#8217;s Day \ud83d\ude42<\/p>\n","protected":false},"excerpt":{"rendered":"<p>Aloe Vera Tratz product set for dehydrated skin.<\/p>\n","protected":false},"featured_media":41811,"comment_status":"open","ping_status":"closed","template":"","meta":{"_acf_changed":false},"product_brand":[],"product_cat":[254],"product_tag":[255,228],"class_list":{"0":"post-4370","1":"product","2":"type-product","3":"status-publish","4":"has-post-thumbnail","6":"product_cat-aloe-vera-man-en","7":"product_tag-mensproducts-en","8":"product_tag-sets-en","10":"first","11":"instock","12":"sale","13":"taxable","14":"shipping-taxable","15":"purchasable","16":"product-type-simple","17":"add-to-wishlist-before_add_to_cart"},"acf":[],"yoast_head":"<!-- This site is optimized with the Yoast SEO plugin v27.5 - https:\/\/yoast.com\/product\/yoast-seo-wordpress\/ -->\n<title>Set | MAN | - Aloe-Vera Cosmetic Tratz<\/title>\n<meta name=\"description\" content=\"Man(n) pflegt sich mit unserem Aloe Vera Tratz M\u00e4nnerset. Das perfekte Set f\u00fcr den Mann. Gepflegte M\u00e4nnerhaut bringt durch ihre positive Ausstrahlung Erfolg\" \/>\n<meta name=\"robots\" content=\"index, follow, max-snippet:-1, max-image-preview:large, max-video-preview:-1\" \/>\n<link rel=\"canonical\" href=\"https:\/\/www.aloe-vera-cosmetic.de\/en\/produkt\/set\/\" \/>\n<meta property=\"og:locale\" content=\"en_US\" \/>\n<meta property=\"og:type\" content=\"article\" \/>\n<meta property=\"og:title\" content=\"Set | MAN | - Aloe-Vera Cosmetic Tratz\" \/>\n<meta property=\"og:description\" content=\"Man(n) pflegt sich mit unserem Aloe Vera Tratz M\u00e4nnerset. Das perfekte Set f\u00fcr den Mann. Gepflegte M\u00e4nnerhaut bringt durch ihre positive Ausstrahlung Erfolg\" \/>\n<meta property=\"og:url\" content=\"https:\/\/www.aloe-vera-cosmetic.de\/en\/produkt\/set\/\" \/>\n<meta property=\"og:site_name\" content=\"Aloe-Vera Cosmetic Tratz\" \/>\n<meta property=\"article:publisher\" content=\"https:\/\/www.facebook.com\/tratzkosmetik\" \/>\n<meta property=\"article:modified_time\" content=\"2020-08-18T09:43:36+00:00\" \/>\n<meta property=\"og:image\" content=\"https:\/\/www.aloe-vera-cosmetic.de\/wp-content\/uploads\/2018\/05\/Set-Man-mit-Bartelixier.jpg\" \/>\n\t<meta property=\"og:image:width\" content=\"1000\" \/>\n\t<meta property=\"og:image:height\" content=\"1000\" \/>\n\t<meta property=\"og:image:type\" content=\"image\/jpeg\" \/>\n<meta name=\"twitter:card\" content=\"summary_large_image\" \/>\n<meta name=\"twitter:label1\" content=\"Est. reading time\" \/>\n\t<meta name=\"twitter:data1\" content=\"1 minute\" \/>\n<script type=\"application\/ld+json\" class=\"yoast-schema-graph\">{\"@context\":\"https:\\\/\\\/schema.org\",\"@graph\":[{\"@type\":\"WebPage\",\"@id\":\"https:\\\/\\\/www.aloe-vera-cosmetic.de\\\/en\\\/produkt\\\/set\\\/\",\"url\":\"https:\\\/\\\/www.aloe-vera-cosmetic.de\\\/en\\\/produkt\\\/set\\\/\",\"name\":\"Set | MAN | - Aloe-Vera Cosmetic Tratz\",\"isPartOf\":{\"@id\":\"https:\\\/\\\/www.aloe-vera-cosmetic.de\\\/en\\\/#website\"},\"primaryImageOfPage\":{\"@id\":\"https:\\\/\\\/www.aloe-vera-cosmetic.de\\\/en\\\/produkt\\\/set\\\/#primaryimage\"},\"image\":{\"@id\":\"https:\\\/\\\/www.aloe-vera-cosmetic.de\\\/en\\\/produkt\\\/set\\\/#primaryimage\"},\"thumbnailUrl\":\"https:\\\/\\\/www.aloe-vera-cosmetic.de\\\/wp-content\\\/uploads\\\/2018\\\/05\\\/Set-Man-mit-Bartelixier.jpg\",\"datePublished\":\"2018-05-04T07:16:03+00:00\",\"dateModified\":\"2020-08-18T09:43:36+00:00\",\"description\":\"Man(n) pflegt sich mit unserem Aloe Vera Tratz M\u00e4nnerset. Das perfekte Set f\u00fcr den Mann. Gepflegte M\u00e4nnerhaut bringt durch ihre positive Ausstrahlung Erfolg\",\"breadcrumb\":{\"@id\":\"https:\\\/\\\/www.aloe-vera-cosmetic.de\\\/en\\\/produkt\\\/set\\\/#breadcrumb\"},\"inLanguage\":\"en-US\",\"potentialAction\":[{\"@type\":\"ReadAction\",\"target\":[\"https:\\\/\\\/www.aloe-vera-cosmetic.de\\\/en\\\/produkt\\\/set\\\/\"]}]},{\"@type\":\"ImageObject\",\"inLanguage\":\"en-US\",\"@id\":\"https:\\\/\\\/www.aloe-vera-cosmetic.de\\\/en\\\/produkt\\\/set\\\/#primaryimage\",\"url\":\"https:\\\/\\\/www.aloe-vera-cosmetic.de\\\/wp-content\\\/uploads\\\/2018\\\/05\\\/Set-Man-mit-Bartelixier.jpg\",\"contentUrl\":\"https:\\\/\\\/www.aloe-vera-cosmetic.de\\\/wp-content\\\/uploads\\\/2018\\\/05\\\/Set-Man-mit-Bartelixier.jpg\",\"width\":1000,\"height\":1000},{\"@type\":\"BreadcrumbList\",\"@id\":\"https:\\\/\\\/www.aloe-vera-cosmetic.de\\\/en\\\/produkt\\\/set\\\/#breadcrumb\",\"itemListElement\":[{\"@type\":\"ListItem\",\"position\":1,\"name\":\"Startseite\",\"item\":\"https:\\\/\\\/www.aloe-vera-cosmetic.de\\\/en\\\/\"},{\"@type\":\"ListItem\",\"position\":2,\"name\":\"Shop\",\"item\":\"https:\\\/\\\/www.aloe-vera-cosmetic.de\\\/shop\\\/\"},{\"@type\":\"ListItem\",\"position\":3,\"name\":\"Set | MAN |\"}]},{\"@type\":\"WebSite\",\"@id\":\"https:\\\/\\\/www.aloe-vera-cosmetic.de\\\/en\\\/#website\",\"url\":\"https:\\\/\\\/www.aloe-vera-cosmetic.de\\\/en\\\/\",\"name\":\"Aloe Vera Tratz\",\"description\":\"Kosmetik mit Pers\u00f6nlichkeit\",\"potentialAction\":[{\"@type\":\"SearchAction\",\"target\":{\"@type\":\"EntryPoint\",\"urlTemplate\":\"https:\\\/\\\/www.aloe-vera-cosmetic.de\\\/en\\\/?s={search_term_string}\"},\"query-input\":{\"@type\":\"PropertyValueSpecification\",\"valueRequired\":true,\"valueName\":\"search_term_string\"}}],\"inLanguage\":\"en-US\"}]}<\/script>\n<!-- \/ Yoast SEO plugin. -->","yoast_head_json":{"title":"Set | MAN | - Aloe-Vera Cosmetic Tratz","description":"Man(n) pflegt sich mit unserem Aloe Vera Tratz M\u00e4nnerset. Das perfekte Set f\u00fcr den Mann. Gepflegte M\u00e4nnerhaut bringt durch ihre positive Ausstrahlung Erfolg","robots":{"index":"index","follow":"follow","max-snippet":"max-snippet:-1","max-image-preview":"max-image-preview:large","max-video-preview":"max-video-preview:-1"},"canonical":"https:\/\/www.aloe-vera-cosmetic.de\/en\/produkt\/set\/","og_locale":"en_US","og_type":"article","og_title":"Set | MAN | - Aloe-Vera Cosmetic Tratz","og_description":"Man(n) pflegt sich mit unserem Aloe Vera Tratz M\u00e4nnerset. Das perfekte Set f\u00fcr den Mann. Gepflegte M\u00e4nnerhaut bringt durch ihre positive Ausstrahlung Erfolg","og_url":"https:\/\/www.aloe-vera-cosmetic.de\/en\/produkt\/set\/","og_site_name":"Aloe-Vera Cosmetic Tratz","article_publisher":"https:\/\/www.facebook.com\/tratzkosmetik","article_modified_time":"2020-08-18T09:43:36+00:00","og_image":[{"width":1000,"height":1000,"url":"https:\/\/www.aloe-vera-cosmetic.de\/wp-content\/uploads\/2018\/05\/Set-Man-mit-Bartelixier.jpg","type":"image\/jpeg"}],"twitter_card":"summary_large_image","twitter_misc":{"Est. reading time":"1 minute"},"schema":{"@context":"https:\/\/schema.org","@graph":[{"@type":"WebPage","@id":"https:\/\/www.aloe-vera-cosmetic.de\/en\/produkt\/set\/","url":"https:\/\/www.aloe-vera-cosmetic.de\/en\/produkt\/set\/","name":"Set | MAN | - Aloe-Vera Cosmetic Tratz","isPartOf":{"@id":"https:\/\/www.aloe-vera-cosmetic.de\/en\/#website"},"primaryImageOfPage":{"@id":"https:\/\/www.aloe-vera-cosmetic.de\/en\/produkt\/set\/#primaryimage"},"image":{"@id":"https:\/\/www.aloe-vera-cosmetic.de\/en\/produkt\/set\/#primaryimage"},"thumbnailUrl":"https:\/\/www.aloe-vera-cosmetic.de\/wp-content\/uploads\/2018\/05\/Set-Man-mit-Bartelixier.jpg","datePublished":"2018-05-04T07:16:03+00:00","dateModified":"2020-08-18T09:43:36+00:00","description":"Man(n) pflegt sich mit unserem Aloe Vera Tratz M\u00e4nnerset. Das perfekte Set f\u00fcr den Mann. Gepflegte M\u00e4nnerhaut bringt durch ihre positive Ausstrahlung Erfolg","breadcrumb":{"@id":"https:\/\/www.aloe-vera-cosmetic.de\/en\/produkt\/set\/#breadcrumb"},"inLanguage":"en-US","potentialAction":[{"@type":"ReadAction","target":["https:\/\/www.aloe-vera-cosmetic.de\/en\/produkt\/set\/"]}]},{"@type":"ImageObject","inLanguage":"en-US","@id":"https:\/\/www.aloe-vera-cosmetic.de\/en\/produkt\/set\/#primaryimage","url":"https:\/\/www.aloe-vera-cosmetic.de\/wp-content\/uploads\/2018\/05\/Set-Man-mit-Bartelixier.jpg","contentUrl":"https:\/\/www.aloe-vera-cosmetic.de\/wp-content\/uploads\/2018\/05\/Set-Man-mit-Bartelixier.jpg","width":1000,"height":1000},{"@type":"BreadcrumbList","@id":"https:\/\/www.aloe-vera-cosmetic.de\/en\/produkt\/set\/#breadcrumb","itemListElement":[{"@type":"ListItem","position":1,"name":"Startseite","item":"https:\/\/www.aloe-vera-cosmetic.de\/en\/"},{"@type":"ListItem","position":2,"name":"Shop","item":"https:\/\/www.aloe-vera-cosmetic.de\/shop\/"},{"@type":"ListItem","position":3,"name":"Set | MAN |"}]},{"@type":"WebSite","@id":"https:\/\/www.aloe-vera-cosmetic.de\/en\/#website","url":"https:\/\/www.aloe-vera-cosmetic.de\/en\/","name":"Aloe Vera Tratz","description":"Kosmetik mit Pers\u00f6nlichkeit","potentialAction":[{"@type":"SearchAction","target":{"@type":"EntryPoint","urlTemplate":"https:\/\/www.aloe-vera-cosmetic.de\/en\/?s={search_term_string}"},"query-input":{"@type":"PropertyValueSpecification","valueRequired":true,"valueName":"search_term_string"}}],"inLanguage":"en-US"}]}},"_links":{"self":[{"href":"https:\/\/www.aloe-vera-cosmetic.de\/en\/wp-json\/wp\/v2\/product\/4370","targetHints":{"allow":["GET"]}}],"collection":[{"href":"https:\/\/www.aloe-vera-cosmetic.de\/en\/wp-json\/wp\/v2\/product"}],"about":[{"href":"https:\/\/www.aloe-vera-cosmetic.de\/en\/wp-json\/wp\/v2\/types\/product"}],"replies":[{"embeddable":true,"href":"https:\/\/www.aloe-vera-cosmetic.de\/en\/wp-json\/wp\/v2\/comments?post=4370"}],"version-history":[{"count":1,"href":"https:\/\/www.aloe-vera-cosmetic.de\/en\/wp-json\/wp\/v2\/product\/4370\/revisions"}],"predecessor-version":[{"id":4507,"href":"https:\/\/www.aloe-vera-cosmetic.de\/en\/wp-json\/wp\/v2\/product\/4370\/revisions\/4507"}],"wp:featuredmedia":[{"embeddable":true,"href":"https:\/\/www.aloe-vera-cosmetic.de\/en\/wp-json\/wp\/v2\/media\/41811"}],"wp:attachment":[{"href":"https:\/\/www.aloe-vera-cosmetic.de\/en\/wp-json\/wp\/v2\/media?parent=4370"}],"wp:term":[{"taxonomy":"product_brand","embeddable":true,"href":"https:\/\/www.aloe-vera-cosmetic.de\/en\/wp-json\/wp\/v2\/product_brand?post=4370"},{"taxonomy":"product_cat","embeddable":true,"href":"https:\/\/www.aloe-vera-cosmetic.de\/en\/wp-json\/wp\/v2\/product_cat?post=4370"},{"taxonomy":"product_tag","embeddable":true,"href":"https:\/\/www.aloe-vera-cosmetic.de\/en\/wp-json\/wp\/v2\/product_tag?post=4370"}],"curies":[{"name":"wp","href":"https:\/\/api.w.org\/{rel}","templated":true}]}}