{"id":4364,"date":"2018-10-23T11:11:45","date_gmt":"2018-10-23T09:11:45","guid":{"rendered":"https:\/\/www.aloe-vera-cosmetic.de\/produkt\/aloe-vera-juice-500ml\/"},"modified":"2026-03-25T10:40:57","modified_gmt":"2026-03-25T09:40:57","slug":"aloe-vera-juice-500ml","status":"publish","type":"product","link":"https:\/\/www.aloe-vera-cosmetic.de\/en\/produkt\/aloe-vera-juice-500ml\/","title":{"rendered":"The Pure | Aloe Vera Juice 500ml | Ingenious &#038; Pure"},"content":{"rendered":"<p><strong>DESCRIPTION<br \/>\n<\/strong>Aloe Vera juice<\/p>\n<p><em>Aloe Vera juice<\/em> from controlled organic cultivation, made from hand-peeled Aloe Vera leaf fillets of Aloe Vera Barbadensis Miller without the addition of water to support the immune system. The juice is legally free of preservatives, chemical and genetically modified additives. The high aloeverose content of well over 1000mg per litre and the immense vital substance content of the plant gel are ensured by careful and gentle processing immediately after the harvest.<\/p>\n<ul>\n<li>activates the immune system and strengthens the immune system<\/li>\n<li>promotes the regeneration of the skin from the inside<\/li>\n<li>invigorates the life energy<\/li>\n<\/ul>\n<p>&nbsp;<\/p>\n<p><strong>USE<br \/>\n<\/strong>\u00a0Drink approx. 25 ml Aloe Vera juice daily before breakfast and before going to bed, slowly and in sips. Can also be used as a first-class basis for health-promoting mixed drinks and smoothies.<\/p>\n<p><strong>TIP<br \/>\n<\/strong>Soak two cotton pads with Aloe Vera Tratz organic juice and use as cooling eye compresses or apply to skin areas in need. Can also be used as a first-class basis for health-promoting mixed drinks and smoothies.<\/p>\n<p><strong>MAIN ACTIVE INGREDIENT<br \/>\n<\/strong><\/p>\n<p>99.9 % ALOE VERA SAFT from controlled organic cultivation<\/p>\n<p>(Control body: DE-\u00d6KO-001)<\/p>\n","protected":false},"excerpt":{"rendered":"<p>Aloe Vera juice detoxifies and purifies in a natural way.<\/p>\n","protected":false},"featured_media":34818,"comment_status":"open","ping_status":"closed","template":"","meta":{"_acf_changed":false},"product_brand":[],"product_cat":[167],"product_tag":[242,241,240,243,244],"class_list":{"0":"post-4364","1":"product","2":"type-product","3":"status-publish","4":"has-post-thumbnail","6":"product_cat-produktinfo-aloeveratratz","7":"product_tag-aloe-en","8":"product_tag-aloe-juice-en","9":"product_tag-aloe-vera-saft-en","10":"product_tag-juice-en","11":"product_tag-other-en","13":"first","14":"instock","15":"sale","16":"taxable","17":"shipping-taxable","18":"purchasable","19":"product-type-variable","20":"add-to-wishlist-before_add_to_cart"},"acf":[],"yoast_head":"<!-- This site is optimized with the Yoast SEO plugin v27.2 - https:\/\/yoast.com\/product\/yoast-seo-wordpress\/ -->\n<title>The Pure | Aloe Vera Juice 500ml | Ingenious &amp; Pure - Aloe-Vera Cosmetic Tratz<\/title>\n<meta name=\"description\" content=\"Tanken Sie auf nat\u00fcrliche Weise t\u00e4glich Vitalit\u00e4t! Unser Aloe Vera Tratz Saft aus kontrolliertem Anbau, hergstellt aus handgesch\u00e4lten Aloe Vera Blattfilets.\" \/>\n<meta name=\"robots\" content=\"index, follow, max-snippet:-1, max-image-preview:large, max-video-preview:-1\" \/>\n<link rel=\"canonical\" href=\"https:\/\/www.aloe-vera-cosmetic.de\/en\/produkt\/aloe-vera-juice-500ml\/\" \/>\n<meta property=\"og:locale\" content=\"en_US\" \/>\n<meta property=\"og:type\" content=\"article\" \/>\n<meta property=\"og:title\" content=\"The Pure | Aloe Vera Juice 500ml | Ingenious &amp; Pure - Aloe-Vera Cosmetic Tratz\" \/>\n<meta property=\"og:description\" content=\"Tanken Sie auf nat\u00fcrliche Weise t\u00e4glich Vitalit\u00e4t! Unser Aloe Vera Tratz Saft aus kontrolliertem Anbau, hergstellt aus handgesch\u00e4lten Aloe Vera Blattfilets.\" \/>\n<meta property=\"og:url\" content=\"https:\/\/www.aloe-vera-cosmetic.de\/en\/produkt\/aloe-vera-juice-500ml\/\" \/>\n<meta property=\"og:site_name\" content=\"Aloe-Vera Cosmetic Tratz\" \/>\n<meta property=\"article:publisher\" content=\"https:\/\/www.facebook.com\/tratzkosmetik\" \/>\n<meta property=\"article:modified_time\" content=\"2026-03-25T09:40:57+00:00\" \/>\n<meta property=\"og:image\" content=\"https:\/\/www.aloe-vera-cosmetic.de\/wp-content\/uploads\/2018\/10\/Aloe-Vera-Saft-ausg.jpg\" \/>\n\t<meta property=\"og:image:width\" content=\"1000\" \/>\n\t<meta property=\"og:image:height\" content=\"1000\" \/>\n\t<meta property=\"og:image:type\" content=\"image\/jpeg\" \/>\n<meta name=\"twitter:card\" content=\"summary_large_image\" \/>\n<meta name=\"twitter:label1\" content=\"Est. reading time\" \/>\n\t<meta name=\"twitter:data1\" content=\"1 minute\" \/>\n<script type=\"application\/ld+json\" class=\"yoast-schema-graph\">{\"@context\":\"https:\/\/schema.org\",\"@graph\":[{\"@type\":\"WebPage\",\"@id\":\"https:\/\/www.aloe-vera-cosmetic.de\/en\/produkt\/aloe-vera-juice-500ml\/\",\"url\":\"https:\/\/www.aloe-vera-cosmetic.de\/en\/produkt\/aloe-vera-juice-500ml\/\",\"name\":\"The Pure | Aloe Vera Juice 500ml | Ingenious & Pure - Aloe-Vera Cosmetic Tratz\",\"isPartOf\":{\"@id\":\"https:\/\/www.aloe-vera-cosmetic.de\/en\/#website\"},\"primaryImageOfPage\":{\"@id\":\"https:\/\/www.aloe-vera-cosmetic.de\/en\/produkt\/aloe-vera-juice-500ml\/#primaryimage\"},\"image\":{\"@id\":\"https:\/\/www.aloe-vera-cosmetic.de\/en\/produkt\/aloe-vera-juice-500ml\/#primaryimage\"},\"thumbnailUrl\":\"https:\/\/www.aloe-vera-cosmetic.de\/wp-content\/uploads\/2018\/10\/Aloe-Vera-Saft-ausg.jpg\",\"datePublished\":\"2018-10-23T09:11:45+00:00\",\"dateModified\":\"2026-03-25T09:40:57+00:00\",\"description\":\"Tanken Sie auf nat\u00fcrliche Weise t\u00e4glich Vitalit\u00e4t! Unser Aloe Vera Tratz Saft aus kontrolliertem Anbau, hergstellt aus handgesch\u00e4lten Aloe Vera Blattfilets.\",\"breadcrumb\":{\"@id\":\"https:\/\/www.aloe-vera-cosmetic.de\/en\/produkt\/aloe-vera-juice-500ml\/#breadcrumb\"},\"inLanguage\":\"en-US\",\"potentialAction\":[{\"@type\":\"ReadAction\",\"target\":[\"https:\/\/www.aloe-vera-cosmetic.de\/en\/produkt\/aloe-vera-juice-500ml\/\"]}]},{\"@type\":\"ImageObject\",\"inLanguage\":\"en-US\",\"@id\":\"https:\/\/www.aloe-vera-cosmetic.de\/en\/produkt\/aloe-vera-juice-500ml\/#primaryimage\",\"url\":\"https:\/\/www.aloe-vera-cosmetic.de\/wp-content\/uploads\/2018\/10\/Aloe-Vera-Saft-ausg.jpg\",\"contentUrl\":\"https:\/\/www.aloe-vera-cosmetic.de\/wp-content\/uploads\/2018\/10\/Aloe-Vera-Saft-ausg.jpg\",\"width\":1000,\"height\":1000,\"caption\":\"Aloe Vera Bio Saft\"},{\"@type\":\"BreadcrumbList\",\"@id\":\"https:\/\/www.aloe-vera-cosmetic.de\/en\/produkt\/aloe-vera-juice-500ml\/#breadcrumb\",\"itemListElement\":[{\"@type\":\"ListItem\",\"position\":1,\"name\":\"Startseite\",\"item\":\"https:\/\/www.aloe-vera-cosmetic.de\/en\/\"},{\"@type\":\"ListItem\",\"position\":2,\"name\":\"Shop\",\"item\":\"https:\/\/www.aloe-vera-cosmetic.de\/shop\/\"},{\"@type\":\"ListItem\",\"position\":3,\"name\":\"The Pure | Aloe Vera Juice 500ml | Ingenious &#038; Pure\"}]},{\"@type\":\"WebSite\",\"@id\":\"https:\/\/www.aloe-vera-cosmetic.de\/en\/#website\",\"url\":\"https:\/\/www.aloe-vera-cosmetic.de\/en\/\",\"name\":\"Aloe Vera Tratz\",\"description\":\"Kosmetik mit Pers\u00f6nlichkeit\",\"potentialAction\":[{\"@type\":\"SearchAction\",\"target\":{\"@type\":\"EntryPoint\",\"urlTemplate\":\"https:\/\/www.aloe-vera-cosmetic.de\/en\/?s={search_term_string}\"},\"query-input\":{\"@type\":\"PropertyValueSpecification\",\"valueRequired\":true,\"valueName\":\"search_term_string\"}}],\"inLanguage\":\"en-US\"}]}<\/script>\n<!-- \/ Yoast SEO plugin. -->","yoast_head_json":{"title":"The Pure | Aloe Vera Juice 500ml | Ingenious & Pure - Aloe-Vera Cosmetic Tratz","description":"Tanken Sie auf nat\u00fcrliche Weise t\u00e4glich Vitalit\u00e4t! Unser Aloe Vera Tratz Saft aus kontrolliertem Anbau, hergstellt aus handgesch\u00e4lten Aloe Vera Blattfilets.","robots":{"index":"index","follow":"follow","max-snippet":"max-snippet:-1","max-image-preview":"max-image-preview:large","max-video-preview":"max-video-preview:-1"},"canonical":"https:\/\/www.aloe-vera-cosmetic.de\/en\/produkt\/aloe-vera-juice-500ml\/","og_locale":"en_US","og_type":"article","og_title":"The Pure | Aloe Vera Juice 500ml | Ingenious & Pure - Aloe-Vera Cosmetic Tratz","og_description":"Tanken Sie auf nat\u00fcrliche Weise t\u00e4glich Vitalit\u00e4t! Unser Aloe Vera Tratz Saft aus kontrolliertem Anbau, hergstellt aus handgesch\u00e4lten Aloe Vera Blattfilets.","og_url":"https:\/\/www.aloe-vera-cosmetic.de\/en\/produkt\/aloe-vera-juice-500ml\/","og_site_name":"Aloe-Vera Cosmetic Tratz","article_publisher":"https:\/\/www.facebook.com\/tratzkosmetik","article_modified_time":"2026-03-25T09:40:57+00:00","og_image":[{"width":1000,"height":1000,"url":"https:\/\/www.aloe-vera-cosmetic.de\/wp-content\/uploads\/2018\/10\/Aloe-Vera-Saft-ausg.jpg","type":"image\/jpeg"}],"twitter_card":"summary_large_image","twitter_misc":{"Est. reading time":"1 minute"},"schema":{"@context":"https:\/\/schema.org","@graph":[{"@type":"WebPage","@id":"https:\/\/www.aloe-vera-cosmetic.de\/en\/produkt\/aloe-vera-juice-500ml\/","url":"https:\/\/www.aloe-vera-cosmetic.de\/en\/produkt\/aloe-vera-juice-500ml\/","name":"The Pure | Aloe Vera Juice 500ml | Ingenious & Pure - Aloe-Vera Cosmetic Tratz","isPartOf":{"@id":"https:\/\/www.aloe-vera-cosmetic.de\/en\/#website"},"primaryImageOfPage":{"@id":"https:\/\/www.aloe-vera-cosmetic.de\/en\/produkt\/aloe-vera-juice-500ml\/#primaryimage"},"image":{"@id":"https:\/\/www.aloe-vera-cosmetic.de\/en\/produkt\/aloe-vera-juice-500ml\/#primaryimage"},"thumbnailUrl":"https:\/\/www.aloe-vera-cosmetic.de\/wp-content\/uploads\/2018\/10\/Aloe-Vera-Saft-ausg.jpg","datePublished":"2018-10-23T09:11:45+00:00","dateModified":"2026-03-25T09:40:57+00:00","description":"Tanken Sie auf nat\u00fcrliche Weise t\u00e4glich Vitalit\u00e4t! Unser Aloe Vera Tratz Saft aus kontrolliertem Anbau, hergstellt aus handgesch\u00e4lten Aloe Vera Blattfilets.","breadcrumb":{"@id":"https:\/\/www.aloe-vera-cosmetic.de\/en\/produkt\/aloe-vera-juice-500ml\/#breadcrumb"},"inLanguage":"en-US","potentialAction":[{"@type":"ReadAction","target":["https:\/\/www.aloe-vera-cosmetic.de\/en\/produkt\/aloe-vera-juice-500ml\/"]}]},{"@type":"ImageObject","inLanguage":"en-US","@id":"https:\/\/www.aloe-vera-cosmetic.de\/en\/produkt\/aloe-vera-juice-500ml\/#primaryimage","url":"https:\/\/www.aloe-vera-cosmetic.de\/wp-content\/uploads\/2018\/10\/Aloe-Vera-Saft-ausg.jpg","contentUrl":"https:\/\/www.aloe-vera-cosmetic.de\/wp-content\/uploads\/2018\/10\/Aloe-Vera-Saft-ausg.jpg","width":1000,"height":1000,"caption":"Aloe Vera Bio Saft"},{"@type":"BreadcrumbList","@id":"https:\/\/www.aloe-vera-cosmetic.de\/en\/produkt\/aloe-vera-juice-500ml\/#breadcrumb","itemListElement":[{"@type":"ListItem","position":1,"name":"Startseite","item":"https:\/\/www.aloe-vera-cosmetic.de\/en\/"},{"@type":"ListItem","position":2,"name":"Shop","item":"https:\/\/www.aloe-vera-cosmetic.de\/shop\/"},{"@type":"ListItem","position":3,"name":"The Pure | Aloe Vera Juice 500ml | Ingenious &#038; Pure"}]},{"@type":"WebSite","@id":"https:\/\/www.aloe-vera-cosmetic.de\/en\/#website","url":"https:\/\/www.aloe-vera-cosmetic.de\/en\/","name":"Aloe Vera Tratz","description":"Kosmetik mit Pers\u00f6nlichkeit","potentialAction":[{"@type":"SearchAction","target":{"@type":"EntryPoint","urlTemplate":"https:\/\/www.aloe-vera-cosmetic.de\/en\/?s={search_term_string}"},"query-input":{"@type":"PropertyValueSpecification","valueRequired":true,"valueName":"search_term_string"}}],"inLanguage":"en-US"}]}},"_links":{"self":[{"href":"https:\/\/www.aloe-vera-cosmetic.de\/en\/wp-json\/wp\/v2\/product\/4364","targetHints":{"allow":["GET"]}}],"collection":[{"href":"https:\/\/www.aloe-vera-cosmetic.de\/en\/wp-json\/wp\/v2\/product"}],"about":[{"href":"https:\/\/www.aloe-vera-cosmetic.de\/en\/wp-json\/wp\/v2\/types\/product"}],"replies":[{"embeddable":true,"href":"https:\/\/www.aloe-vera-cosmetic.de\/en\/wp-json\/wp\/v2\/comments?post=4364"}],"version-history":[{"count":1,"href":"https:\/\/www.aloe-vera-cosmetic.de\/en\/wp-json\/wp\/v2\/product\/4364\/revisions"}],"predecessor-version":[{"id":14541,"href":"https:\/\/www.aloe-vera-cosmetic.de\/en\/wp-json\/wp\/v2\/product\/4364\/revisions\/14541"}],"wp:featuredmedia":[{"embeddable":true,"href":"https:\/\/www.aloe-vera-cosmetic.de\/en\/wp-json\/wp\/v2\/media\/34818"}],"wp:attachment":[{"href":"https:\/\/www.aloe-vera-cosmetic.de\/en\/wp-json\/wp\/v2\/media?parent=4364"}],"wp:term":[{"taxonomy":"product_brand","embeddable":true,"href":"https:\/\/www.aloe-vera-cosmetic.de\/en\/wp-json\/wp\/v2\/product_brand?post=4364"},{"taxonomy":"product_cat","embeddable":true,"href":"https:\/\/www.aloe-vera-cosmetic.de\/en\/wp-json\/wp\/v2\/product_cat?post=4364"},{"taxonomy":"product_tag","embeddable":true,"href":"https:\/\/www.aloe-vera-cosmetic.de\/en\/wp-json\/wp\/v2\/product_tag?post=4364"}],"curies":[{"name":"wp","href":"https:\/\/api.w.org\/{rel}","templated":true}]}}